{"id":6769,"date":"2021-07-15T11:52:38","date_gmt":"2021-07-15T11:52:38","guid":{"rendered":"https:\/\/dev.tisknamajice.si\/?post_type=product&#038;p=6769"},"modified":"2021-07-15T11:58:13","modified_gmt":"2021-07-15T11:58:13","slug":"anvil-t-majica-moska","status":"publish","type":"product","link":"https:\/\/dev.tisknamajice.si\/en\/product\/anvil-t-majica-moska\/","title":{"rendered":"anvil t-majica mo\u0161ka"},"content":{"rendered":"<p>Mo\u0161ka t-majica 100% bomba\u017e<\/p>","protected":false},"excerpt":{"rendered":"<p>Mo\u0161ka t-majica 100% bomba\u017e<\/p>","protected":false},"featured_media":6725,"comment_status":"open","ping_status":"closed","template":"","meta":[],"product_cat":[66],"product_tag":[],"class_list":{"0":"post-6769","1":"product","2":"type-product","3":"status-publish","4":"has-post-thumbnail","6":"product_brand-anvil","7":"product_cat-katalog","8":"pa_velikost-l","9":"pa_velikost-m","10":"pa_velikost-s","11":"pa_velikost-xl","12":"pa_velikost-xs","13":"pa_velikost-xxl","14":"pa_velikost-xxxl","16":"first","17":"outofstock","18":"sold-individually","19":"shipping-taxable","20":"purchasable","21":"product-type-variable"},"jetpack_sharing_enabled":true,"_links":{"self":[{"href":"https:\/\/dev.tisknamajice.si\/en\/wp-json\/wp\/v2\/product\/6769","targetHints":{"allow":["GET"]}}],"collection":[{"href":"https:\/\/dev.tisknamajice.si\/en\/wp-json\/wp\/v2\/product"}],"about":[{"href":"https:\/\/dev.tisknamajice.si\/en\/wp-json\/wp\/v2\/types\/product"}],"replies":[{"embeddable":true,"href":"https:\/\/dev.tisknamajice.si\/en\/wp-json\/wp\/v2\/comments?post=6769"}],"version-history":[{"count":1,"href":"https:\/\/dev.tisknamajice.si\/en\/wp-json\/wp\/v2\/product\/6769\/revisions"}],"predecessor-version":[{"id":6770,"href":"https:\/\/dev.tisknamajice.si\/en\/wp-json\/wp\/v2\/product\/6769\/revisions\/6770"}],"wp:featuredmedia":[{"embeddable":true,"href":"https:\/\/dev.tisknamajice.si\/en\/wp-json\/wp\/v2\/media\/6725"}],"wp:attachment":[{"href":"https:\/\/dev.tisknamajice.si\/en\/wp-json\/wp\/v2\/media?parent=6769"}],"wp:term":[{"taxonomy":"product_cat","embeddable":true,"href":"https:\/\/dev.tisknamajice.si\/en\/wp-json\/wp\/v2\/product_cat?post=6769"},{"taxonomy":"product_tag","embeddable":true,"href":"https:\/\/dev.tisknamajice.si\/en\/wp-json\/wp\/v2\/product_tag?post=6769"}],"curies":[{"name":"wp","href":"https:\/\/api.w.org\/{rel}","templated":true}]}}