{"id":13,"date":"2018-09-10T02:56:22","date_gmt":"2018-09-10T02:56:22","guid":{"rendered":"https:\/\/demo2wpopal.b-cdn.net\/striz\/?page_id=13"},"modified":"2021-07-30T08:35:09","modified_gmt":"2021-07-30T08:35:09","slug":"about-us","status":"publish","type":"page","link":"https:\/\/dev.tisknamajice.si\/en\/about-us\/","title":{"rendered":"Predstavitev"},"content":{"rendered":"<div data-elementor-type=\"wp-post\" data-elementor-id=\"13\" class=\"elementor elementor-13\">\n\t\t\t\t\t\t<div class=\"elementor-section elementor-top-section elementor-element elementor-element-070a5a4 elementor-section-stretched elementor-section-boxed elementor-section-height-default elementor-section-height-default\" data-id=\"070a5a4\" data-element_type=\"section\" data-e-type=\"section\" data-settings=\"{&quot;stretch_section&quot;:&quot;section-stretched&quot;,&quot;background_background&quot;:&quot;classic&quot;,&quot;shape_divider_bottom&quot;:&quot;mycustomshapesvgfilename&quot;}\">\n\t\t\t\t\t\t<div class=\"elementor-container elementor-column-gap-no\">\n\t\t\t\t\t<div class=\"elementor-column elementor-col-100 elementor-top-column elementor-element elementor-element-08f072d\" data-id=\"08f072d\" data-element_type=\"column\" data-e-type=\"column\">\n\t\t\t<div class=\"elementor-widget-wrap elementor-element-populated\">\n\t\t\t\t\t\t<div class=\"elementor-element elementor-element-6c28a1d elementor-widget elementor-widget-heading\" data-id=\"6c28a1d\" data-element_type=\"widget\" data-e-type=\"widget\" data-widget_type=\"heading.default\">\n\t\t\t\t<div class=\"elementor-widget-container\">\n\t\t\t\t\t<h1 class=\"elementor-heading-title elementor-size-default\">Predstavitev<\/h1>\t\t\t\t<\/div>\n\t\t\t\t<\/div>\n\t\t\t\t\t<\/div>\n\t\t<\/div>\n\t\t\t\t\t<\/div>\n\t\t<\/div>\n\t\t\t\t<div class=\"elementor-section elementor-top-section elementor-element elementor-element-a9cb104 elementor-section-stretched elementor-section-boxed elementor-section-height-default elementor-section-height-default\" data-id=\"a9cb104\" data-element_type=\"section\" data-e-type=\"section\" data-settings=\"{&quot;stretch_section&quot;:&quot;section-stretched&quot;,&quot;background_background&quot;:&quot;classic&quot;}\">\n\t\t\t\t\t\t<div class=\"elementor-container elementor-column-gap-no\">\n\t\t\t\t\t<div class=\"elementor-column elementor-col-100 elementor-top-column elementor-element elementor-element-791270f\" data-id=\"791270f\" data-element_type=\"column\" data-e-type=\"column\">\n\t\t\t<div class=\"elementor-widget-wrap elementor-element-populated\">\n\t\t\t\t\t\t<div class=\"elementor-element elementor-element-7a94ef5 elementor-widget elementor-widget-heading\" data-id=\"7a94ef5\" data-element_type=\"widget\" data-e-type=\"widget\" data-widget_type=\"heading.default\">\n\t\t\t\t<div class=\"elementor-widget-container\">\n\t\t\t\t\t<h2 class=\"elementor-heading-title elementor-size-default\">Smo tiskarna in trgovina, stremimo k temu, da delo opravimo natan\u010dno ter v skladu z va\u0161imi \u017eeljami. <\/h2>\t\t\t\t<\/div>\n\t\t\t\t<\/div>\n\t\t\t\t<div class=\"elementor-element elementor-element-5e5dbaa elementor-widget elementor-widget-text-editor\" data-id=\"5e5dbaa\" data-element_type=\"widget\" data-e-type=\"widget\" data-widget_type=\"text-editor.default\">\n\t\t\t\t<div class=\"elementor-widget-container\">\n\t\t\t\t\t\t\t\t\t<p>V tiskarni TiskNaMajice vam nudimo celovite tiskarske in grafi\u010dne storitve. Nudimo vam offset tisk, digitalni tisk, za tiskanje na razli\u010dne promocijske materiale pa si lahko izberete \u00a0sitotisk tehniko. Smo izredno prilagodljivi, vsakemu naro\u010dniku se popolnoma posvetimo, mu z veseljem svetujemo in pripravimo grafi\u010dno podobo. Pohvalimo se lahko s kratkimi dobavnimi roki in\u00a0kvalitetno izdelanimi tiskovinami, ki pa jih pripravimo v skladu z vsemi \u017eeljami na\u0161ega naro\u010dnika.<\/p>\t\t\t\t\t\t\t\t<\/div>\n\t\t\t\t<\/div>\n\t\t\t\t\t<\/div>\n\t\t<\/div>\n\t\t\t\t\t<\/div>\n\t\t<\/div>\n\t\t\t\t<div class=\"elementor-section elementor-top-section elementor-element elementor-element-2bc0fd4 elementor-section-stretched elementor-section-boxed elementor-section-height-default elementor-section-height-default\" data-id=\"2bc0fd4\" data-element_type=\"section\" data-e-type=\"section\" data-settings=\"{&quot;stretch_section&quot;:&quot;section-stretched&quot;,&quot;background_background&quot;:&quot;classic&quot;}\">\n\t\t\t\t\t\t<div class=\"elementor-container elementor-column-gap-no\">\n\t\t\t\t\t<div class=\"elementor-column elementor-col-50 elementor-top-column elementor-element elementor-element-182c8c8\" data-id=\"182c8c8\" data-element_type=\"column\" data-e-type=\"column\">\n\t\t\t<div class=\"elementor-widget-wrap elementor-element-populated\">\n\t\t\t\t\t\t<div class=\"elementor-element elementor-element-1a4c350 elementor-widget elementor-widget-image\" data-id=\"1a4c350\" data-element_type=\"widget\" data-e-type=\"widget\" data-widget_type=\"image.default\">\n\t\t\t\t<div class=\"elementor-widget-container\">\n\t\t\t\t\t\t\t\t\t\t\t\t\t\t\t<img fetchpriority=\"high\" decoding=\"async\" width=\"1200\" height=\"718\" src=\"https:\/\/dev.tisknamajice.si\/wp-content\/uploads\/2021\/06\/ceran.jpg\" class=\"attachment-full size-full wp-image-6609\" alt=\"\" srcset=\"https:\/\/dev.tisknamajice.si\/wp-content\/uploads\/2021\/06\/ceran.jpg 1200w, https:\/\/dev.tisknamajice.si\/wp-content\/uploads\/2021\/06\/ceran-300x180.jpg 300w, https:\/\/dev.tisknamajice.si\/wp-content\/uploads\/2021\/06\/ceran-1024x613.jpg 1024w, https:\/\/dev.tisknamajice.si\/wp-content\/uploads\/2021\/06\/ceran-768x460.jpg 768w, https:\/\/dev.tisknamajice.si\/wp-content\/uploads\/2021\/06\/ceran-16x10.jpg 16w, https:\/\/dev.tisknamajice.si\/wp-content\/uploads\/2021\/06\/ceran-400x239.jpg 400w, https:\/\/dev.tisknamajice.si\/wp-content\/uploads\/2021\/06\/ceran-600x359.jpg 600w\" sizes=\"(max-width: 1200px) 100vw, 1200px\" \/>\t\t\t\t\t\t\t\t\t\t\t\t\t\t\t<\/div>\n\t\t\t\t<\/div>\n\t\t\t\t<div class=\"elementor-section elementor-inner-section elementor-element elementor-element-931c359 elementor-section-boxed elementor-section-height-default elementor-section-height-default\" data-id=\"931c359\" data-element_type=\"section\" data-e-type=\"section\">\n\t\t\t\t\t\t<div class=\"elementor-container elementor-column-gap-no\">\n\t\t\t\t\t<div class=\"elementor-column elementor-col-100 elementor-inner-column elementor-element elementor-element-60b09eb\" data-id=\"60b09eb\" data-element_type=\"column\" data-e-type=\"column\">\n\t\t\t<div class=\"elementor-widget-wrap elementor-element-populated\">\n\t\t\t\t\t\t<div class=\"elementor-element elementor-element-d6a7aa0 elementor-position-inline-start elementor-view-default elementor-mobile-position-block-start elementor-widget elementor-widget-icon-box\" data-id=\"d6a7aa0\" data-element_type=\"widget\" data-e-type=\"widget\" data-widget_type=\"icon-box.default\">\n\t\t\t\t<div class=\"elementor-widget-container\">\n\t\t\t\t\t\t\t<div class=\"elementor-icon-box-wrapper\">\n\n\t\t\t\t\t\t<div class=\"elementor-icon-box-icon\">\n\t\t\t\t<span  class=\"elementor-icon\">\n\t\t\t\t<i class=\"opal-icon-delivery\" aria-hidden=\"true\"><\/i>\t\t\t\t<\/span>\n\t\t\t<\/div>\n\t\t\t\n\t\t\t\t\t\t<div class=\"elementor-icon-box-content\">\n\n\t\t\t\t\t\t\t\t\t<h3 class=\"elementor-icon-box-title\">\n\t\t\t\t\t\t<span  >\n\t\t\t\t\t\t\tBrezpla\u010dna po\u0161tnina\t\t\t\t\t\t<\/span>\n\t\t\t\t\t<\/h3>\n\t\t\t\t\n\t\t\t\t\t\t\t\t\t<p class=\"elementor-icon-box-description\">\n\t\t\t\t\t\tza izdelke kupljene v na\u0161i spletni trgovini po Sloveniji nudimo brezpla\u010dno po\u0161tnino.\t\t\t\t\t<\/p>\n\t\t\t\t\n\t\t\t<\/div>\n\t\t\t\n\t\t<\/div>\n\t\t\t\t\t\t<\/div>\n\t\t\t\t<\/div>\n\t\t\t\t<div class=\"elementor-element elementor-element-d8c38ed elementor-position-inline-start elementor-view-default elementor-mobile-position-block-start elementor-widget elementor-widget-icon-box\" data-id=\"d8c38ed\" data-element_type=\"widget\" data-e-type=\"widget\" data-widget_type=\"icon-box.default\">\n\t\t\t\t<div class=\"elementor-widget-container\">\n\t\t\t\t\t\t\t<div class=\"elementor-icon-box-wrapper\">\n\n\t\t\t\t\t\t<div class=\"elementor-icon-box-icon\">\n\t\t\t\t<span  class=\"elementor-icon\">\n\t\t\t\t<i class=\"opal-icon-support\" aria-hidden=\"true\"><\/i>\t\t\t\t<\/span>\n\t\t\t<\/div>\n\t\t\t\n\t\t\t\t\t\t<div class=\"elementor-icon-box-content\">\n\n\t\t\t\t\t\t\t\t\t<h3 class=\"elementor-icon-box-title\">\n\t\t\t\t\t\t<span  >\n\t\t\t\t\t\t\tPOSVETIMO SE VA\u0160IM \u017dELJAM\t\t\t\t\t\t<\/span>\n\t\t\t\t\t<\/h3>\n\t\t\t\t\n\t\t\t\t\t\t\t\t\t<p class=\"elementor-icon-box-description\">\n\t\t\t\t\t\tKontaktirajte nas in si z na\u0161o pomo\u010djo kreirajte izdelek , ki bo pisan na va\u0161o ko\u017eo.\t\t\t\t\t<\/p>\n\t\t\t\t\n\t\t\t<\/div>\n\t\t\t\n\t\t<\/div>\n\t\t\t\t\t\t<\/div>\n\t\t\t\t<\/div>\n\t\t\t\t<div class=\"elementor-element elementor-element-f1876ab elementor-position-inline-start elementor-view-default elementor-mobile-position-block-start elementor-widget elementor-widget-icon-box\" data-id=\"f1876ab\" data-element_type=\"widget\" data-e-type=\"widget\" data-widget_type=\"icon-box.default\">\n\t\t\t\t<div class=\"elementor-widget-container\">\n\t\t\t\t\t\t\t<div class=\"elementor-icon-box-wrapper\">\n\n\t\t\t\t\t\t<div class=\"elementor-icon-box-icon\">\n\t\t\t\t<span  class=\"elementor-icon\">\n\t\t\t\t<i class=\"opal-icon-payment\" aria-hidden=\"true\"><\/i>\t\t\t\t<\/span>\n\t\t\t<\/div>\n\t\t\t\n\t\t\t\t\t\t<div class=\"elementor-icon-box-content\">\n\n\t\t\t\t\t\t\t\t\t<h3 class=\"elementor-icon-box-title\">\n\t\t\t\t\t\t<span  >\n\t\t\t\t\t\t\tpla\u010dilo\t\t\t\t\t\t<\/span>\n\t\t\t\t\t<\/h3>\n\t\t\t\t\n\t\t\t\t\t\t\t\t\t<p class=\"elementor-icon-box-description\">\n\t\t\t\t\t\tNudimo ve\u010d mo\u017enosti pla\u010dil,\nPayPal, pla\u010dilo s kreditno kartico, pla\u010dilo po prevzemu in po predra\u010dunu\t\t\t\t\t<\/p>\n\t\t\t\t\n\t\t\t<\/div>\n\t\t\t\n\t\t<\/div>\n\t\t\t\t\t\t<\/div>\n\t\t\t\t<\/div>\n\t\t\t\t\t<\/div>\n\t\t<\/div>\n\t\t\t\t\t<\/div>\n\t\t<\/div>\n\t\t\t\t\t<\/div>\n\t\t<\/div>\n\t\t\t\t<div class=\"elementor-column elementor-col-50 elementor-top-column elementor-element elementor-element-90f3a5c\" data-id=\"90f3a5c\" data-element_type=\"column\" data-e-type=\"column\">\n\t\t\t<div class=\"elementor-widget-wrap elementor-element-populated\">\n\t\t\t\t\t\t<div class=\"elementor-element elementor-element-da113a3 elementor-widget elementor-widget-heading\" data-id=\"da113a3\" data-element_type=\"widget\" data-e-type=\"widget\" data-widget_type=\"heading.default\">\n\t\t\t\t<div class=\"elementor-widget-container\">\n\t\t\t\t\t<h2 class=\"elementor-heading-title elementor-size-default\">IZDELKI V SPLETNI TRGOVINI<\/h2>\t\t\t\t<\/div>\n\t\t\t\t<\/div>\n\t\t\t\t<div class=\"elementor-element elementor-element-30fbbeb elementor-widget elementor-widget-text-editor\" data-id=\"30fbbeb\" data-element_type=\"widget\" data-e-type=\"widget\" data-widget_type=\"text-editor.default\">\n\t\t\t\t<div class=\"elementor-widget-container\">\n\t\t\t\t\t\t\t\t\t<p>Kot smo omenili smo v prvi vrsti tiskarna, sodelujemo z oblikovalci, fotografi, umetniki, gamerji, \u0161portniki ter nudimo njihove izvrstne kreacije potiskane na njihova izbrana obla\u010dila.<\/p><p>Z nakupom teh izdelkov podprete njih in dobite njihov izdelek na katerega ste lahko ponosni.<\/p>\t\t\t\t\t\t\t\t<\/div>\n\t\t\t\t<\/div>\n\t\t\t\t<div class=\"elementor-element elementor-element-910de95 elementor-widget elementor-widget-image\" data-id=\"910de95\" data-element_type=\"widget\" data-e-type=\"widget\" data-widget_type=\"image.default\">\n\t\t\t\t<div class=\"elementor-widget-container\">\n\t\t\t\t\t\t\t\t\t\t\t\t\t\t\t<img decoding=\"async\" width=\"1080\" height=\"1185\" src=\"https:\/\/dev.tisknamajice.si\/wp-content\/uploads\/2021\/06\/dinotti.jpg\" class=\"attachment-full size-full wp-image-6610\" alt=\"\" srcset=\"https:\/\/dev.tisknamajice.si\/wp-content\/uploads\/2021\/06\/dinotti.jpg 1080w, https:\/\/dev.tisknamajice.si\/wp-content\/uploads\/2021\/06\/dinotti-273x300.jpg 273w, https:\/\/dev.tisknamajice.si\/wp-content\/uploads\/2021\/06\/dinotti-933x1024.jpg 933w, https:\/\/dev.tisknamajice.si\/wp-content\/uploads\/2021\/06\/dinotti-768x843.jpg 768w, https:\/\/dev.tisknamajice.si\/wp-content\/uploads\/2021\/06\/dinotti-11x12.jpg 11w, https:\/\/dev.tisknamajice.si\/wp-content\/uploads\/2021\/06\/dinotti-400x439.jpg 400w, https:\/\/dev.tisknamajice.si\/wp-content\/uploads\/2021\/06\/dinotti-600x658.jpg 600w\" sizes=\"(max-width: 1080px) 100vw, 1080px\" \/>\t\t\t\t\t\t\t\t\t\t\t\t\t\t\t<\/div>\n\t\t\t\t<\/div>\n\t\t\t\t\t<\/div>\n\t\t<\/div>\n\t\t\t\t\t<\/div>\n\t\t<\/div>\n\t\t\t\t<\/div>","protected":false},"excerpt":{"rendered":"<p>Predstavitev Smo tiskarna in trgovina, stremimo k temu, da delo opravimo natan\u010dno ter v skladu z va\u0161imi \u017eeljami. V tiskarni TiskNaMajice vam nudimo celovite tiskarske in grafi\u010dne storitve. Nudimo vam offset tisk, digitalni tisk, za tiskanje na razli\u010dne promocijske materiale pa si lahko izberete \u00a0sitotisk tehniko. Smo izredno prilagodljivi, vsakemu naro\u010dniku se popolnoma posvetimo, mu &hellip; <\/p>\n<p class=\"link-more\"><a href=\"https:\/\/dev.tisknamajice.si\/en\/about-us\/\" class=\"more-link\">Read More <span class=\"screen-reader-text\"> &#8220;Predstavitev&#8221;<\/span><\/a><\/p>","protected":false},"author":1,"featured_media":0,"parent":0,"menu_order":0,"comment_status":"closed","ping_status":"closed","template":"page-elementor.php","meta":{"footnotes":""},"class_list":["post-13","page","type-page","status-publish","hentry"],"jetpack_sharing_enabled":true,"_links":{"self":[{"href":"https:\/\/dev.tisknamajice.si\/en\/wp-json\/wp\/v2\/pages\/13","targetHints":{"allow":["GET"]}}],"collection":[{"href":"https:\/\/dev.tisknamajice.si\/en\/wp-json\/wp\/v2\/pages"}],"about":[{"href":"https:\/\/dev.tisknamajice.si\/en\/wp-json\/wp\/v2\/types\/page"}],"author":[{"embeddable":true,"href":"https:\/\/dev.tisknamajice.si\/en\/wp-json\/wp\/v2\/users\/1"}],"replies":[{"embeddable":true,"href":"https:\/\/dev.tisknamajice.si\/en\/wp-json\/wp\/v2\/comments?post=13"}],"version-history":[{"count":17,"href":"https:\/\/dev.tisknamajice.si\/en\/wp-json\/wp\/v2\/pages\/13\/revisions"}],"predecessor-version":[{"id":6866,"href":"https:\/\/dev.tisknamajice.si\/en\/wp-json\/wp\/v2\/pages\/13\/revisions\/6866"}],"wp:attachment":[{"href":"https:\/\/dev.tisknamajice.si\/en\/wp-json\/wp\/v2\/media?parent=13"}],"curies":[{"name":"wp","href":"https:\/\/api.w.org\/{rel}","templated":true}]}}